{"id":3091,"date":"2021-01-13T00:50:32","date_gmt":"2021-01-12T23:50:32","guid":{"rendered":"https:\/\/boutiquejulie.be\/?page_id=3091"},"modified":"2024-10-16T14:16:17","modified_gmt":"2024-10-16T12:16:17","slug":"contactez-nous","status":"publish","type":"page","link":"https:\/\/boutiquejulie.be\/?page_id=3091","title":{"rendered":"Contactez-nous"},"content":{"rendered":"<p>[vc_row css=&#8221;.vc_custom_1610495963166{padding-top: 10% !important;}&#8221;][vc_column][vc_column_text]<\/p>\n<h2 style=\"text-align: center;\">Contactez-nous<\/h2>\n<p>[\/vc_column_text][\/vc_column][\/vc_row][vc_row css=&#8221;.vc_custom_1610496193317{padding-right: 10% !important;padding-left: 10% !important;}&#8221;][vc_column width=&#8221;1\/2&#8243;][vc_column_text]La boutique Julie vous accueille du mardi au samedi de 10h \u00e0 19h.<br \/>\nSauf le dimanche et jours f\u00e9ri\u00e9s<\/p>\n<p><i class=\"fa fa-map-marker\" style=\"font-size: 20px; color: #831b62;\"><\/i> Boutique Julie<br \/>\n821-823 chauss\u00e9e d\u2019Alsemberg<br \/>\n1180 Bruxelles<\/p>\n<p><i class=\"fa fa-phone\" style=\"font-size: 20px; color: #831b62;\"><\/i> +32 (0)2 376 01 23[\/vc_column_text][vc_single_image image=&#8221;3115&#8243; img_size=&#8221;full&#8221; css=&#8221;.vc_custom_1611012132581{padding-right: 20% !important;padding-left: 20% !important;}&#8221;][\/vc_column][vc_column width=&#8221;1\/2&#8243;]<div class=\"wpforms-container wpforms-container-full\" id=\"wpforms-3101\"><form id=\"wpforms-form-3101\" class=\"wpforms-validate wpforms-form\" data-formid=\"3101\" method=\"post\" enctype=\"multipart\/form-data\" action=\"\/index.php?rest_route=%2Fwp%2Fv2%2Fpages%2F3091\" data-token=\"02d44a39f27a8169d68e26984ed1ae4c\"><noscript class=\"wpforms-error-noscript\">Veuillez activer JavaScript dans votre navigateur pour remplir ce formulaire.<\/noscript><div class=\"wpforms-field-container\"><div id=\"wpforms-3101-field_0-container\" class=\"wpforms-field wpforms-field-name\" data-field-id=\"0\"><label class=\"wpforms-field-label\" for=\"wpforms-3101-field_0\">Nom <span class=\"wpforms-required-label\">*<\/span><\/label><div class=\"wpforms-field-row wpforms-field-medium\"><div class=\"wpforms-field-row-block wpforms-first wpforms-one-half\"><input type=\"text\" id=\"wpforms-3101-field_0\" class=\"wpforms-field-name-first wpforms-field-required\" name=\"wpforms[fields][0][first]\" required><label for=\"wpforms-3101-field_0\" class=\"wpforms-field-sublabel after \">Pr\u00e9nom<\/label><\/div><div class=\"wpforms-field-row-block wpforms-one-half\"><input type=\"text\" id=\"wpforms-3101-field_0-last\" class=\"wpforms-field-name-last wpforms-field-required\" name=\"wpforms[fields][0][last]\" required><label for=\"wpforms-3101-field_0-last\" class=\"wpforms-field-sublabel after \">Nom<\/label><\/div><\/div><\/div><div id=\"wpforms-3101-field_1-container\" class=\"wpforms-field wpforms-field-email\" data-field-id=\"1\"><label class=\"wpforms-field-label\" for=\"wpforms-3101-field_1\">E-mail <span class=\"wpforms-required-label\">*<\/span><\/label><input type=\"email\" id=\"wpforms-3101-field_1\" class=\"wpforms-field-medium wpforms-field-required\" name=\"wpforms[fields][1]\" required><\/div><div id=\"wpforms-3101-field_2-container\" class=\"wpforms-field wpforms-field-textarea\" data-field-id=\"2\"><label class=\"wpforms-field-label\" for=\"wpforms-3101-field_2\">Message <span class=\"wpforms-required-label\">*<\/span><\/label><textarea id=\"wpforms-3101-field_2\" class=\"wpforms-field-medium wpforms-field-required\" name=\"wpforms[fields][2]\" required><\/textarea><\/div><\/div><div class=\"wpforms-recaptcha-container wpforms-is-recaptcha\"><div class=\"g-recaptcha\" data-sitekey=\"6LedYKgfAAAAAM2KjAIAhDhEK0uU1w4MaVEZP7Tb\"><\/div><input type=\"text\" name=\"g-recaptcha-hidden\" class=\"wpforms-recaptcha-hidden\" style=\"position:absolute!important;clip:rect(0,0,0,0)!important;height:1px!important;width:1px!important;border:0!important;overflow:hidden!important;padding:0!important;margin:0!important;\" required><\/div><div class=\"wpforms-submit-container\"><input type=\"hidden\" name=\"wpforms[id]\" value=\"3101\"><input type=\"hidden\" name=\"wpforms[author]\" value=\"2\"><button type=\"submit\" name=\"wpforms[submit]\" id=\"wpforms-submit-3101\" class=\"wpforms-submit\" data-alt-text=\"Envoi...\" data-submit-text=\"Envoyer\" aria-live=\"assertive\" value=\"wpforms-submit\">Envoyer<\/button><\/div><\/form><\/div>  <!-- .wpforms-container -->[\/vc_column][\/vc_row][vc_row full_width=&#8221;stretch_row_content&#8221;][vc_column][vc_column_text]<iframe style=\"border: 0;\" tabindex=\"0\" src=\"https:\/\/www.google.com\/maps\/embed?pb=!1m18!1m12!1m3!1d2521.5900665914205!2d4.33416121574415!3d50.801705279525365!2m3!1f0!2f0!3f0!3m2!1i1024!2i768!4f13.1!3m3!1m2!1s0x47c3c5b229c881d1%3A0xe2a1d5713a2b4360!2sChauss%C3%A9e%20d'Alsemberg%20821%2C%201180%20Uccle!5e0!3m2!1sfr!2sbe!4v1610495210682!5m2!1sfr!2sbe\" width=\"100%\" height=\"350\" frameborder=\"0\" allowfullscreen=\"allowfullscreen\" aria-hidden=\"false\"><\/iframe>[\/vc_column_text][\/vc_column][\/vc_row]<\/p>\n","protected":false},"excerpt":{"rendered":"<p>[vc_row css=&#8221;.vc_custom_1610495963166{padding-top: 10% !important;}&#8221;][vc_column][vc_column_text] Contactez-nous [\/vc_column_text][\/vc_column][\/vc_row][vc_row css=&#8221;.vc_custom_1610496193317{padding-right: 10% !important;padding-left: 10% !important;}&#8221;][vc_column width=&#8221;1\/2&#8243;][vc_column_text]La boutique Julie vous accueille du mardi au samedi de 10h \u00e0 19h. Sauf le dimanche et jours f\u00e9ri\u00e9s Boutique Julie 821-823 chauss\u00e9e d\u2019Alsemberg 1180 Bruxelles +32 (0)2 376 01 23[\/vc_column_text][vc_single_image image=&#8221;3115&#8243; img_size=&#8221;full&#8221; css=&#8221;.vc_custom_1611012132581{padding-right: 20% !important;padding-left: 20% !important;}&#8221;][\/vc_column][vc_column width=&#8221;1\/2&#8243;][\/vc_column][\/vc_row][vc_row full_width=&#8221;stretch_row_content&#8221;][vc_column][vc_column_text][\/vc_column_text][\/vc_column][\/vc_row]<\/p>\n","protected":false},"author":2,"featured_media":0,"parent":0,"menu_order":0,"comment_status":"closed","ping_status":"closed","template":"","meta":[],"_links":{"self":[{"href":"https:\/\/boutiquejulie.be\/index.php?rest_route=\/wp\/v2\/pages\/3091"}],"collection":[{"href":"https:\/\/boutiquejulie.be\/index.php?rest_route=\/wp\/v2\/pages"}],"about":[{"href":"https:\/\/boutiquejulie.be\/index.php?rest_route=\/wp\/v2\/types\/page"}],"author":[{"embeddable":true,"href":"https:\/\/boutiquejulie.be\/index.php?rest_route=\/wp\/v2\/users\/2"}],"replies":[{"embeddable":true,"href":"https:\/\/boutiquejulie.be\/index.php?rest_route=%2Fwp%2Fv2%2Fcomments&post=3091"}],"version-history":[{"count":15,"href":"https:\/\/boutiquejulie.be\/index.php?rest_route=\/wp\/v2\/pages\/3091\/revisions"}],"predecessor-version":[{"id":3204,"href":"https:\/\/boutiquejulie.be\/index.php?rest_route=\/wp\/v2\/pages\/3091\/revisions\/3204"}],"wp:attachment":[{"href":"https:\/\/boutiquejulie.be\/index.php?rest_route=%2Fwp%2Fv2%2Fmedia&parent=3091"}],"curies":[{"name":"wp","href":"https:\/\/api.w.org\/{rel}","templated":true}]}}