{"id":543,"date":"2017-01-11T00:06:56","date_gmt":"2017-01-11T00:06:56","guid":{"rendered":"http:\/\/import.getbowtied.com\/shopkeeper-replica?page_id=543"},"modified":"2021-04-18T12:35:58","modified_gmt":"2021-04-18T10:35:58","slug":"lookbook-neutrals","status":"publish","type":"page","link":"https:\/\/boutiquejulie.be\/","title":{"rendered":"Accueil"},"content":{"rendered":"<p>[vc_row full_width=&#8221;stretch_row_content_no_spaces&#8221; full_height=&#8221;yes&#8221; equal_height=&#8221;yes&#8221; css_animation=&#8221;fadeIn&#8221; css=&#8221;.vc_custom_1611105527172{background: #e8e4e0 url(https:\/\/boutiquejulie.be\/wp-content\/uploads\/2021\/01\/fond-accueil01-1.jpg?id=3032) !important;background-position: center !important;background-repeat: no-repeat !important;background-size: cover !important;}&#8221; el_id=&#8221;Slide-home&#8221;][vc_column width=&#8221;1\/2&#8243; offset=&#8221;vc_hidden-xs&#8221;][\/vc_column][vc_column width=&#8221;1\/2&#8243; css=&#8221;.vc_custom_1611105457810{padding-right: 10% !important;}&#8221; offset=&#8221;vc_col-xs-12 vc_hidden-xs&#8221;][vc_single_image image=&#8221;3112&#8243; img_size=&#8221;large&#8221; css=&#8221;.vc_custom_1611011837068{padding-right: 40% !important;}&#8221;][vc_column_text css_animation=&#8221;slideInDown&#8221;]<\/p>\n<h3>Boutique Julie est votre nouvelle boutique en ligne multimarques.<\/h3>\n<h4><\/h4>\n<p>[\/vc_column_text][vc_column_text css_animation=&#8221;slideInDown&#8221; css=&#8221;.vc_custom_1611407317277{margin-top: 3% !important;}&#8221;]<\/p>\n<h4 style=\"color: #333;\">Boutique Julie existe depuis 1973.<\/h4>\n<h4 style=\"color: #333;\">D\u00e9couvrez notre collection dames et hommes ainsi que notre collection grandes tailles pour dames.<\/h4>\n<h4><\/h4>\n<p>[\/vc_column_text][\/vc_column][\/vc_row][vc_row full_width=&#8221;stretch_row_content_no_spaces&#8221; full_height=&#8221;yes&#8221; columns_placement=&#8221;top&#8221; content_placement=&#8221;top&#8221; css_animation=&#8221;fadeIn&#8221; css=&#8221;.vc_custom_1611105542883{background: #e8e4e0 url(https:\/\/boutiquejulie.be\/wp-content\/uploads\/2021\/01\/background-mobile.jpg?id=3150) !important;background-position: center !important;background-repeat: no-repeat !important;background-size: cover !important;}&#8221; el_id=&#8221;Slide-mobile&#8221;][vc_column css=&#8221;.vc_custom_1611077922117{padding-right: 10% !important;padding-left: 10% !important;}&#8221; offset=&#8221;vc_hidden-lg vc_hidden-md vc_hidden-sm vc_col-xs-12&#8243;][vc_single_image image=&#8221;3112&#8243; img_size=&#8221;large&#8221; css=&#8221;.vc_custom_1611077892370{padding-right: 5% !important;padding-left: 5% !important;}&#8221;][vc_column_text css_animation=&#8221;slideInDown&#8221;]<\/p>\n<h3>Boutique Julie est votre nouvelle boutique en ligne multimarques.<\/h3>\n<h4><\/h4>\n<p>[\/vc_column_text][vc_column_text css_animation=&#8221;slideInDown&#8221; css=&#8221;.vc_custom_1611859182493{margin-top: 3% !important;}&#8221;]<\/p>\n<h4 style=\"color: #333;\">Boutique Julie existe depuis 1973.<\/h4>\n<h4 style=\"color: #333;\">D\u00e9couvrez notre collection dames et hommes ainsi que notre collection grande taille pour dames.<\/h4>\n<h4><\/h4>\n<p>[\/vc_column_text][\/vc_column][\/vc_row][vc_row full_width=&#8221;stretch_row&#8221; type=&#8221;boxed&#8221; css=&#8221;.vc_custom_1610414912001{margin-bottom: 0px !important;padding-top: 10% !important;padding-bottom: 20% !important;background-color: #ffffff !important;}&#8221;][vc_column css=&#8221;.vc_custom_1484830392320{padding-top: 35px !important;padding-right: 35px !important;padding-left: 35px !important;}&#8221;][vc_column_text]<\/p>\n<h2>Boutique Julie<\/h2>\n<p>[\/vc_column_text][vc_row_inner][vc_column_inner width=&#8221;1\/2&#8243; css=&#8221;.vc_custom_1611073036223{margin-top: 5% !important;}&#8221;][vc_column_text css_animation=&#8221;top-to-bottom&#8221;]Boutique Julie est une boutique de v\u00eatements multimarques qui existe depuis 1973.<\/p>\n<p>Aujourd\u2019hui, la boutique Julie est tenue par la troisi\u00e8me g\u00e9n\u00e9ration de fille.<\/p>\n<p>Chaque jour, les trois s\u0153urs Anne-Laure, Julie, St\u00e9phanie vous accueillent dans leur magasin avec le sourire.<\/p>\n<p>Vous pourrez y d\u00e9couvrir diff\u00e9rentes collections de v\u00eatements dames et hommes. Ainsi qu\u2019une collection dames grandes tailles.[\/vc_column_text][\/vc_column_inner][vc_column_inner width=&#8221;1\/2&#8243;][vc_single_image image=&#8221;3103&#8243; img_size=&#8221;full&#8221; alignment=&#8221;center&#8221; css_animation=&#8221;bottom-to-top&#8221;][\/vc_column_inner][\/vc_row_inner][vc_column_text]<span class=\"wpcp-shortcode-selectable\"><div class=\"wpcp-carousel-wrapper wpcp-wrapper-3012\">\n\t<div id=\"wpcp-preloader-3012\" class=\"wpcp-carousel-preloader\"><img src=\"https:\/\/boutiquejulie.be\/wp-content\/plugins\/wp-carousel-free\/public\/css\/ajax-loader.gif\" alt=\"Preloader Image\"\/><\/div>\t<div id=\"sp-wp-carousel-free-id-3012\" class=\"wpcp-carousel-section sp-wpcp-3012  nav-vertical-center wpcp-image-carousel wpcp-preloader wpcp-standard\" data-slick='{ \"accessibility\":true, \"arrows\":true, \"autoplay\":true, \"autoplaySpeed\":3000, \"dots\":false, \"infinite\":true, \"speed\":600, \"pauseOnHover\":true, \"slidesToShow\":5, \"responsive\":[ { \"breakpoint\":1200, \"settings\": { \"slidesToShow\":4 } }, { \"breakpoint\":980, \"settings\":{ \"slidesToShow\":3 } }, { \"breakpoint\":736, \"settings\": { \"slidesToShow\":2 } }, {\"breakpoint\":480, \"settings\":{ \"slidesToShow\":1, \"arrows\": false, \"dots\": false } } ], \"rtl\":false, \"lazyLoad\": \"false\", \"swipe\": true, \"draggable\": true, \"swipeToSlide\":false }'   dir=\"ltr\">\n\t\t<div class=\"\">\n\t<div class=\"wpcp-single-item\">\n\t\t<div class=\"wpcp-slide-image\">\n\t<img class=\"skip-lazy\" src=\"https:\/\/boutiquejulie.be\/wp-content\/uploads\/2021\/01\/logo-Cecil.png\" alt=\"logo-Cecil\" width=\"500\" height=\"222\"><\/div>\n\t<\/div>\n<\/div>\n<div class=\"\">\n\t<div class=\"wpcp-single-item\">\n\t\t<div class=\"wpcp-slide-image\">\n\t<img class=\"skip-lazy\" src=\"https:\/\/boutiquejulie.be\/wp-content\/uploads\/2021\/01\/logo-Eskimo.png\" alt=\"logo-Eskimo\" width=\"500\" height=\"222\"><\/div>\n\t<\/div>\n<\/div>\n<div class=\"\">\n\t<div class=\"wpcp-single-item\">\n\t\t<div class=\"wpcp-slide-image\">\n\t<img class=\"skip-lazy\" src=\"https:\/\/boutiquejulie.be\/wp-content\/uploads\/2021\/01\/logo-Gerry-Weber.png\" alt=\"logo-Gerry-Weber\" width=\"500\" height=\"222\"><\/div>\n\t<\/div>\n<\/div>\n<div class=\"\">\n\t<div class=\"wpcp-single-item\">\n\t\t<div class=\"wpcp-slide-image\">\n\t<img class=\"skip-lazy\" src=\"https:\/\/boutiquejulie.be\/wp-content\/uploads\/2021\/01\/logo-Samoon.jpg\" alt=\"logo-Samoon\" width=\"500\" height=\"222\"><\/div>\n\t<\/div>\n<\/div>\n<div class=\"\">\n\t<div class=\"wpcp-single-item\">\n\t\t<div class=\"wpcp-slide-image\">\n\t<img class=\"skip-lazy\" src=\"https:\/\/boutiquejulie.be\/wp-content\/uploads\/2021\/01\/logo-JW.png\" alt=\"logo-J&amp;W\" width=\"500\" height=\"222\"><\/div>\n\t<\/div>\n<\/div>\n<div class=\"\">\n\t<div class=\"wpcp-single-item\">\n\t\t<div class=\"wpcp-slide-image\">\n\t<img class=\"skip-lazy\" src=\"https:\/\/boutiquejulie.be\/wp-content\/uploads\/2021\/01\/logo-MeKSTONE.png\" alt=\"logo-MeKSTONE\" width=\"500\" height=\"222\"><\/div>\n\t<\/div>\n<\/div>\n<div class=\"\">\n\t<div class=\"wpcp-single-item\">\n\t\t<div class=\"wpcp-slide-image\">\n\t<img class=\"skip-lazy\" src=\"https:\/\/boutiquejulie.be\/wp-content\/uploads\/2021\/01\/logo-MoreMore.png\" alt=\"logo-More&amp;More\" width=\"500\" height=\"222\"><\/div>\n\t<\/div>\n<\/div>\n<div class=\"\">\n\t<div class=\"wpcp-single-item\">\n\t\t<div class=\"wpcp-slide-image\">\n\t<img class=\"skip-lazy\" src=\"https:\/\/boutiquejulie.be\/wp-content\/uploads\/2021\/01\/logo-sOliver.png\" alt=\"logo-sOliver\" width=\"500\" height=\"222\"><\/div>\n\t<\/div>\n<\/div>\n<div class=\"\">\n\t<div class=\"wpcp-single-item\">\n\t\t<div class=\"wpcp-slide-image\">\n\t<img class=\"skip-lazy\" src=\"https:\/\/boutiquejulie.be\/wp-content\/uploads\/2021\/01\/logo-Soyaconcept.png\" alt=\"logo-Soyaconcept\" width=\"500\" height=\"222\"><\/div>\n\t<\/div>\n<\/div>\n<div class=\"\">\n\t<div class=\"wpcp-single-item\">\n\t\t<div class=\"wpcp-slide-image\">\n\t<img class=\"skip-lazy\" src=\"https:\/\/boutiquejulie.be\/wp-content\/uploads\/2021\/01\/logo-Taifun.png\" alt=\"logo-Taifun\" width=\"500\" height=\"222\"><\/div>\n\t<\/div>\n<\/div>\n<div class=\"\">\n\t<div class=\"wpcp-single-item\">\n\t\t<div class=\"wpcp-slide-image\">\n\t<img class=\"skip-lazy\" src=\"https:\/\/boutiquejulie.be\/wp-content\/uploads\/2021\/01\/logo-Belika.jpg\" alt=\"logo-Belika\" width=\"500\" height=\"222\"><\/div>\n\t<\/div>\n<\/div>\n<div class=\"\">\n\t<div class=\"wpcp-single-item\">\n\t\t<div class=\"wpcp-slide-image\">\n\t<img class=\"skip-lazy\" src=\"https:\/\/boutiquejulie.be\/wp-content\/uploads\/2021\/01\/logo-Fynch-Hatton.jpg\" alt=\"logo-Fynch-Hatton\" width=\"500\" height=\"222\"><\/div>\n\t<\/div>\n<\/div>\n<div class=\"\">\n\t<div class=\"wpcp-single-item\">\n\t\t<div class=\"wpcp-slide-image\">\n\t<img class=\"skip-lazy\" src=\"https:\/\/boutiquejulie.be\/wp-content\/uploads\/2021\/01\/logo-Lerros.jpg\" alt=\"logo-Lerros\" width=\"500\" height=\"222\"><\/div>\n\t<\/div>\n<\/div>\n<div class=\"\">\n\t<div class=\"wpcp-single-item\">\n\t\t<div class=\"wpcp-slide-image\">\n\t<img class=\"skip-lazy\" src=\"https:\/\/boutiquejulie.be\/wp-content\/uploads\/2021\/01\/logo-BC.jpg\" alt=\"logo-B&amp;C\" width=\"500\" height=\"222\"><\/div>\n\t<\/div>\n<\/div>\n\t<\/div>\n<\/div>\n<\/span>[\/vc_column_text][\/vc_column][\/vc_row][vc_row disable_element=&#8221;yes&#8221; type=&#8221;boxed&#8221; css=&#8221;.vc_custom_1611828878825{margin-top: 10% !important;margin-bottom: 75px !important;}&#8221;][vc_column][vc_column_text css=&#8221;.vc_custom_1610495835497{margin-bottom: 75px !important;}&#8221;]<\/p>\n<h3 style=\"text-align: center;\">SUCCOMBEZ \u00c0 LA NOUVELLE COLLECTION 2021<\/h3>\n<p>[\/vc_column_text]<div class=\"woocommerce columns-4 \"><ul class=\"products columns-4\">\n<li class=\"product type-product post-2965 status-publish first instock product_cat-non-classe has-post-thumbnail featured shipping-taxable purchasable product-type-simple\">\n\n\t\n    <div class=\"product_thumbnail_wrapper \">\n\n\t\t<a href=\"https:\/\/boutiquejulie.be\/?product=lose-oversized-shirt\" class=\"woocommerce-LoopProduct-link woocommerce-loop-product__link\">\n\n\t        <div class=\"product_thumbnail with_second_image\">\n\t            <span class=\"product_thumbnail_background\" style=\"background-image:url(https:\/\/boutiquejulie.be\/wp-content\/uploads\/2017\/01\/008c-350x435.jpg)\"><\/span>\n\t            <img width=\"350\" height=\"435\" src=\"https:\/\/boutiquejulie.be\/wp-content\/uploads\/2017\/01\/007c-1-350x435.jpg\" class=\"attachment-woocommerce_thumbnail size-woocommerce_thumbnail\" alt=\"\" loading=\"lazy\" srcset=\"https:\/\/boutiquejulie.be\/wp-content\/uploads\/2017\/01\/007c-1-350x435.jpg 350w, https:\/\/boutiquejulie.be\/wp-content\/uploads\/2017\/01\/007c-1-242x300.jpg 242w, https:\/\/boutiquejulie.be\/wp-content\/uploads\/2017\/01\/007c-1-1240x1536.jpg 1240w, https:\/\/boutiquejulie.be\/wp-content\/uploads\/2017\/01\/007c-1-920x1140.jpg 920w, https:\/\/boutiquejulie.be\/wp-content\/uploads\/2017\/01\/007c-1.jpg 1600w\" sizes=\"(max-width: 350px) 100vw, 350px\" \/>\t        <\/div><!--.product_thumbnail-->\n\t\t<\/a>\n\n\t\t\t\t\t\t\t\n\t\t\n\t\t        <div class=\"product_thumbnail_icons\">\n            <a href=\"#\" id=\"product_id_2965\" class=\"product_quickview_button\" data-product_id=\"2965\"><\/a>                                <\/div>\n    \n\t\t\n    <\/div><!--.product_thumbnail_wrapper-->\n\n    \n\t<h2 class=\"woocommerce-loop-product__title\">\n\t\t<a href=\"https:\/\/boutiquejulie.be\/?product=lose-oversized-shirt\">Lose Oversized Shirt<\/a>\n\t<\/h2>\n\n\t\n        <div class=\"product_after_shop_loop\">\n        <div class=\"product_after_shop_loop_switcher\">\n    \n            \n\t<span class=\"price\"><span class=\"woocommerce-Price-amount amount\"><bdi><span class=\"woocommerce-Price-currencySymbol\">&euro;<\/span>238,00<\/bdi><\/span><\/span>\n<a href=\"?add-to-cart=2965\" data-quantity=\"1\" class=\"button product_type_simple add_to_cart_button ajax_add_to_cart\" data-product_id=\"2965\" data-product_sku=\"\" aria-label=\"Ajouter &ldquo;Lose Oversized Shirt&rdquo; \u00e0 votre panier\" rel=\"nofollow\">Ajouter au panier<\/a>\n            <\/div>\n    <\/div>\n    \n\t\n<\/li>\n<li class=\"product type-product post-2964 status-publish instock product_cat-non-classe has-post-thumbnail shipping-taxable purchasable product-type-simple\">\n\n\t\n    <div class=\"product_thumbnail_wrapper \">\n\n\t\t<a href=\"https:\/\/boutiquejulie.be\/?product=two-tone-cotton-poplin-shirt-2\" class=\"woocommerce-LoopProduct-link woocommerce-loop-product__link\">\n\n\t        <div class=\"product_thumbnail with_second_image\">\n\t            <span class=\"product_thumbnail_background\" style=\"background-image:url(https:\/\/boutiquejulie.be\/wp-content\/uploads\/2017\/01\/007a-1-350x435.jpg)\"><\/span>\n\t            <img width=\"350\" height=\"435\" src=\"https:\/\/boutiquejulie.be\/wp-content\/uploads\/2017\/02\/portfolio-fashion-photography-350x435.jpg\" class=\"attachment-woocommerce_thumbnail size-woocommerce_thumbnail\" alt=\"\" loading=\"lazy\" \/>\t        <\/div><!--.product_thumbnail-->\n\t\t<\/a>\n\n\t\t\t\t\t\t\t\n\t\t\n\t\t        <div class=\"product_thumbnail_icons\">\n            <a href=\"#\" id=\"product_id_2964\" class=\"product_quickview_button\" data-product_id=\"2964\"><\/a>                                <\/div>\n    \n\t\t\n    <\/div><!--.product_thumbnail_wrapper-->\n\n    \n\t<h2 class=\"woocommerce-loop-product__title\">\n\t\t<a href=\"https:\/\/boutiquejulie.be\/?product=two-tone-cotton-poplin-shirt-2\">Product Layout 4<\/a>\n\t<\/h2>\n\n\t\n        <div class=\"product_after_shop_loop\">\n        <div class=\"product_after_shop_loop_switcher\">\n    \n            \n\t<span class=\"price\"><span class=\"woocommerce-Price-amount amount\"><bdi><span class=\"woocommerce-Price-currencySymbol\">&euro;<\/span>360,00<\/bdi><\/span><\/span>\n<a href=\"?add-to-cart=2964\" data-quantity=\"1\" class=\"button product_type_simple add_to_cart_button ajax_add_to_cart\" data-product_id=\"2964\" data-product_sku=\"\" aria-label=\"Ajouter &ldquo;Product Layout 4&rdquo; \u00e0 votre panier\" rel=\"nofollow\">Ajouter au panier<\/a>\n            <\/div>\n    <\/div>\n    \n\t\n<\/li>\n<li class=\"product type-product post-2963 status-publish instock product_cat-non-classe has-post-thumbnail sale featured shipping-taxable purchasable product-type-simple\">\n\n\t\n    <div class=\"product_thumbnail_wrapper \">\n\n\t\t<a href=\"https:\/\/boutiquejulie.be\/?product=neutral-washed-silk-blouse-2\" class=\"woocommerce-LoopProduct-link woocommerce-loop-product__link\">\n\n\t        <div class=\"product_thumbnail with_second_image\">\n\t            <span class=\"product_thumbnail_background\" style=\"background-image:url(https:\/\/boutiquejulie.be\/wp-content\/uploads\/2017\/01\/bbeauty03-350x435.jpg)\"><\/span>\n\t            <img width=\"350\" height=\"435\" src=\"https:\/\/boutiquejulie.be\/wp-content\/uploads\/2017\/01\/bbeauty03-1-350x435.jpg\" class=\"attachment-woocommerce_thumbnail size-woocommerce_thumbnail\" alt=\"\" loading=\"lazy\" srcset=\"https:\/\/boutiquejulie.be\/wp-content\/uploads\/2017\/01\/bbeauty03-1-350x435.jpg 350w, https:\/\/boutiquejulie.be\/wp-content\/uploads\/2017\/01\/bbeauty03-1-242x300.jpg 242w, https:\/\/boutiquejulie.be\/wp-content\/uploads\/2017\/01\/bbeauty03-1-1240x1536.jpg 1240w, https:\/\/boutiquejulie.be\/wp-content\/uploads\/2017\/01\/bbeauty03-1-920x1140.jpg 920w, https:\/\/boutiquejulie.be\/wp-content\/uploads\/2017\/01\/bbeauty03-1.jpg 1600w\" sizes=\"(max-width: 350px) 100vw, 350px\" \/>\t        <\/div><!--.product_thumbnail-->\n\t\t<\/a>\n\n\t\t\t\t\t\t\t\n\t\t\n\t<span class=\"onsale\">Sale!<\/span>\n\t\n\t\t        <div class=\"product_thumbnail_icons\">\n            <a href=\"#\" id=\"product_id_2963\" class=\"product_quickview_button\" data-product_id=\"2963\"><\/a>                                <\/div>\n    \n\t\t\n    <\/div><!--.product_thumbnail_wrapper-->\n\n    \n\t<h2 class=\"woocommerce-loop-product__title\">\n\t\t<a href=\"https:\/\/boutiquejulie.be\/?product=neutral-washed-silk-blouse-2\">Neutral Silk Blouse<\/a>\n\t<\/h2>\n\n\t\n        <div class=\"product_after_shop_loop\">\n        <div class=\"product_after_shop_loop_switcher\">\n    \n            \n\t<span class=\"price\"><del><span class=\"woocommerce-Price-amount amount\"><bdi><span class=\"woocommerce-Price-currencySymbol\">&euro;<\/span>129,00<\/bdi><\/span><\/del> <ins><span class=\"woocommerce-Price-amount amount\"><bdi><span class=\"woocommerce-Price-currencySymbol\">&euro;<\/span>79,00<\/bdi><\/span><\/ins><\/span>\n<a href=\"?add-to-cart=2963\" data-quantity=\"1\" class=\"button product_type_simple add_to_cart_button ajax_add_to_cart\" data-product_id=\"2963\" data-product_sku=\"\" aria-label=\"Ajouter &ldquo;Neutral Silk Blouse&rdquo; \u00e0 votre panier\" rel=\"nofollow\">Ajouter au panier<\/a>\n            <\/div>\n    <\/div>\n    \n\t\n<\/li>\n<li class=\"product type-product post-2962 status-publish last instock product_cat-non-classe has-post-thumbnail shipping-taxable purchasable product-type-variable has-default-attributes\">\n\n\t\n    <div class=\"product_thumbnail_wrapper \">\n\n\t\t<a href=\"https:\/\/boutiquejulie.be\/?product=cotton-jersey-top\" class=\"woocommerce-LoopProduct-link woocommerce-loop-product__link\">\n\n\t        <div class=\"product_thumbnail with_second_image\">\n\t            <span class=\"product_thumbnail_background\" style=\"background-image:url(https:\/\/boutiquejulie.be\/wp-content\/uploads\/2017\/01\/orange-bud-03-1-350x435.jpg)\"><\/span>\n\t            <img width=\"350\" height=\"435\" src=\"https:\/\/boutiquejulie.be\/wp-content\/uploads\/2017\/01\/bbeauty01-350x435.jpg\" class=\"attachment-woocommerce_thumbnail size-woocommerce_thumbnail\" alt=\"\" loading=\"lazy\" srcset=\"https:\/\/boutiquejulie.be\/wp-content\/uploads\/2017\/01\/bbeauty01-350x435.jpg 350w, https:\/\/boutiquejulie.be\/wp-content\/uploads\/2017\/01\/bbeauty01-242x300.jpg 242w, https:\/\/boutiquejulie.be\/wp-content\/uploads\/2017\/01\/bbeauty01-1240x1536.jpg 1240w, https:\/\/boutiquejulie.be\/wp-content\/uploads\/2017\/01\/bbeauty01-920x1140.jpg 920w, https:\/\/boutiquejulie.be\/wp-content\/uploads\/2017\/01\/bbeauty01.jpg 1600w\" sizes=\"(max-width: 350px) 100vw, 350px\" \/>\t        <\/div><!--.product_thumbnail-->\n\t\t<\/a>\n\n\t\t\t\t\t\t\t\n\t\t\n\t\t        <div class=\"product_thumbnail_icons\">\n            <a href=\"#\" id=\"product_id_2962\" class=\"product_quickview_button\" data-product_id=\"2962\"><\/a>                                <\/div>\n    \n\t\t\n    <\/div><!--.product_thumbnail_wrapper-->\n\n    \n\t<h2 class=\"woocommerce-loop-product__title\">\n\t\t<a href=\"https:\/\/boutiquejulie.be\/?product=cotton-jersey-top\">Cotton Jersey Top (Variable)<\/a>\n\t<\/h2>\n\n\t\n        <div class=\"product_after_shop_loop\">\n        <div class=\"product_after_shop_loop_switcher\">\n    \n            \n\t<span class=\"price\"><span class=\"woocommerce-Price-amount amount\"><bdi><span class=\"woocommerce-Price-currencySymbol\">&euro;<\/span>125,00<\/bdi><\/span><\/span>\n<a href=\"https:\/\/boutiquejulie.be\/?product=cotton-jersey-top\" data-quantity=\"1\" class=\"button product_type_variable add_to_cart_button\" data-product_id=\"2962\" data-product_sku=\"\" aria-label=\"S\u00e9lectionner les options pour &ldquo;Cotton Jersey Top (Variable)&rdquo;\" rel=\"nofollow\">Choix des options<\/a>\n            <\/div>\n    <\/div>\n    \n\t\n<\/li>\n<\/ul>\n<\/div>[\/vc_column][\/vc_row][vc_row full_width=&#8221;stretch_row_content&#8221; full_height=&#8221;yes&#8221; columns_placement=&#8221;stretch&#8221; equal_height=&#8221;yes&#8221; content_placement=&#8221;middle&#8221; css=&#8221;.vc_custom_1571303496089{margin-bottom: 75px !important;}&#8221;][vc_column width=&#8221;1\/2&#8243; css=&#8221;.vc_custom_1611073624506{padding-right: 10% !important;padding-left: 10% !important;}&#8221;][vc_column_text]<\/p>\n<h2>Femmes<\/h2>\n<p>[\/vc_column_text][vc_column_text]D\u00e9couvrez une large collection pour dames.[\/vc_column_text][\/vc_column][vc_column css_animation=&#8221;slideInRight&#8221; width=&#8221;1\/2&#8243; css=&#8221;.vc_custom_1611072251815{background-position: center !important;background-repeat: no-repeat !important;background-size: cover !important;}&#8221;][vc_single_image image=&#8221;3083&#8243; img_size=&#8221;full&#8221; alignment=&#8221;right&#8221;][\/vc_column][\/vc_row][vc_row full_width=&#8221;stretch_row_content_no_spaces&#8221; equal_height=&#8221;yes&#8221; content_placement=&#8221;middle&#8221; css=&#8221;.vc_custom_1571303500116{margin-bottom: 75px !important;}&#8221;][vc_column css_animation=&#8221;slideInLeft&#8221; width=&#8221;1\/2&#8243;][vc_single_image image=&#8221;3080&#8243; img_size=&#8221;full&#8221; alignment=&#8221;right&#8221;][\/vc_column][vc_column width=&#8221;1\/2&#8243; css=&#8221;.vc_custom_1611073424416{padding-top: 35px !important;padding-right: 10% !important;padding-bottom: 35px !important;padding-left: 10% !important;}&#8221;][vc_column_text]<\/p>\n<h2>Hommes<\/h2>\n<p>[\/vc_column_text][vc_column_text]D\u00e9couvrez une large collection pour hommes[\/vc_column_text][\/vc_column][\/vc_row][vc_row full_width=&#8221;stretch_row_content&#8221; full_height=&#8221;yes&#8221; columns_placement=&#8221;stretch&#8221; equal_height=&#8221;yes&#8221; content_placement=&#8221;middle&#8221; css=&#8221;.vc_custom_1571303496089{margin-bottom: 75px !important;}&#8221;][vc_column width=&#8221;1\/2&#8243; offset=&#8221;vc_col-xs-12&#8243; css=&#8221;.vc_custom_1611073261567{padding-right: 10% !important;padding-left: 10% !important;}&#8221;][vc_column_text]<\/p>\n<h2>Grandes Tailles<\/h2>\n<p>[\/vc_column_text][vc_column_text]D\u00e9couvrez notre collection grandes tailles.[\/vc_column_text][\/vc_column][vc_column css_animation=&#8221;slideInRight&#8221; width=&#8221;1\/2&#8243; css=&#8221;.vc_custom_1611072280768{background-position: center !important;background-repeat: no-repeat !important;background-size: cover !important;}&#8221;][vc_single_image image=&#8221;3085&#8243; img_size=&#8221;full&#8221; alignment=&#8221;right&#8221;][\/vc_column][\/vc_row]<\/p>\n","protected":false},"excerpt":{"rendered":"<p>[vc_row full_width=&#8221;stretch_row_content_no_spaces&#8221; full_height=&#8221;yes&#8221; equal_height=&#8221;yes&#8221; css_animation=&#8221;fadeIn&#8221; css=&#8221;.vc_custom_1611105527172{background: #e8e4e0 url(https:\/\/boutiquejulie.be\/wp-content\/uploads\/2021\/01\/fond-accueil01-1.jpg?id=3032) !important;background-position: center !important;background-repeat: no-repeat !important;background-size: cover !important;}&#8221; el_id=&#8221;Slide-home&#8221;][vc_column width=&#8221;1\/2&#8243; offset=&#8221;vc_hidden-xs&#8221;][\/vc_column][vc_column width=&#8221;1\/2&#8243; css=&#8221;.vc_custom_1611105457810{padding-right: 10% !important;}&#8221; offset=&#8221;vc_col-xs-12 vc_hidden-xs&#8221;][vc_single_image image=&#8221;3112&#8243; img_size=&#8221;large&#8221; css=&#8221;.vc_custom_1611011837068{padding-right: 40% !important;}&#8221;][vc_column_text css_animation=&#8221;slideInDown&#8221;] Boutique Julie est votre nouvelle boutique en ligne multimarques. [\/vc_column_text][vc_column_text css_animation=&#8221;slideInDown&#8221; css=&#8221;.vc_custom_1611407317277{margin-top: 3% !important;}&#8221;] Boutique Julie existe depuis 1973. D\u00e9couvrez notre collection dames et hommes [&hellip;]<\/p>\n","protected":false},"author":2,"featured_media":0,"parent":2880,"menu_order":0,"comment_status":"closed","ping_status":"closed","template":"page-boxed.php","meta":[],"_links":{"self":[{"href":"https:\/\/boutiquejulie.be\/index.php?rest_route=\/wp\/v2\/pages\/543"}],"collection":[{"href":"https:\/\/boutiquejulie.be\/index.php?rest_route=\/wp\/v2\/pages"}],"about":[{"href":"https:\/\/boutiquejulie.be\/index.php?rest_route=\/wp\/v2\/types\/page"}],"author":[{"embeddable":true,"href":"https:\/\/boutiquejulie.be\/index.php?rest_route=\/wp\/v2\/users\/2"}],"replies":[{"embeddable":true,"href":"https:\/\/boutiquejulie.be\/index.php?rest_route=%2Fwp%2Fv2%2Fcomments&post=543"}],"version-history":[{"count":82,"href":"https:\/\/boutiquejulie.be\/index.php?rest_route=\/wp\/v2\/pages\/543\/revisions"}],"predecessor-version":[{"id":3187,"href":"https:\/\/boutiquejulie.be\/index.php?rest_route=\/wp\/v2\/pages\/543\/revisions\/3187"}],"up":[{"embeddable":true,"href":"https:\/\/boutiquejulie.be\/index.php?rest_route=\/wp\/v2\/pages\/2880"}],"wp:attachment":[{"href":"https:\/\/boutiquejulie.be\/index.php?rest_route=%2Fwp%2Fv2%2Fmedia&parent=543"}],"curies":[{"name":"wp","href":"https:\/\/api.w.org\/{rel}","templated":true}]}}